{"id":577,"date":"2025-02-13T15:02:29","date_gmt":"2025-02-13T14:02:29","guid":{"rendered":"https:\/\/blog.pratiquesante.fr\/?page_id=577"},"modified":"2025-02-14T11:24:11","modified_gmt":"2025-02-14T10:24:11","slug":"cgu","status":"publish","type":"page","link":"https:\/\/blog.pratiquesante.fr\/?page_id=577","title":{"rendered":"CGU"},"content":{"rendered":"\t\t<div data-elementor-type=\"wp-page\" data-elementor-id=\"577\" class=\"elementor elementor-577\" data-elementor-post-type=\"page\">\n\t\t\t\t<div class=\"elementor-element elementor-element-c2a9d31 e-flex e-con-boxed e-con e-parent\" data-id=\"c2a9d31\" data-element_type=\"container\">\n\t\t\t\t\t<div class=\"e-con-inner\">\n\t\t\t\t<div class=\"elementor-element elementor-element-20c39a7 elementor-widget elementor-widget-html\" data-id=\"20c39a7\" data-element_type=\"widget\" data-widget_type=\"html.default\">\n\t\t\t\t<div class=\"elementor-widget-container\">\n\t\t\t\t\t<style>\n        .body {\n            font-family: Arial, sans-serif;\n            line-height: 1.6;\n            max-width: 1200px;\n            margin: 0 auto;\n            padding: 20px;\n            color: #333;\n        }\n        h1 {\n            color: #2c3e50;\n            border-bottom: 2px solid #eee;\n            padding-bottom: 10px;\n        }\n        h2 {\n            color: #34495e;\n            margin-top: 30px;\n        }\n        section {\n            margin-bottom: 30px;\n        }\n        .date {\n            font-style: italic;\n            color: #666;\n        }\n    <\/style>\n    \n    <div class = \"body\">\n        <h1>Conditions G\u00e9n\u00e9rales d'Utilisation du site Pratique Sant\u00e9<\/h1>\n    <p class=\"date\">En vigueur au 13\/02\/2025<\/p>\n\n    <section>\n        <h2>Article 1 : Objet<\/h2>\n        <p>Les pr\u00e9sentes CGU encadrent juridiquement l'utilisation des services du blog Pratique Sant\u00e9 (ci-apr\u00e8s d\u00e9nomm\u00e9 \u00ab le blog \u00bb).<\/p>\n        <p>Constituant le contrat entre la soci\u00e9t\u00e9 Pratique Sant\u00e9, l'Utilisateur, l'acc\u00e8s au blog doit \u00eatre pr\u00e9c\u00e9d\u00e9 de l'acceptation de ces CGU. L'acc\u00e8s \u00e0 ce blog signifie l'acceptation des pr\u00e9sentes CGU.<\/p>\n    <\/section>\n\n    <section>\n        <h2>Article 2 : Mentions l\u00e9gales<\/h2>\n        <p>L'\u00e9dition du blog Pratique Sant\u00e9 est assur\u00e9e par la soci\u00e9t\u00e9 [Nom de votre soci\u00e9t\u00e9] inscrite au RCS sous le num\u00e9ro [Num\u00e9ro RCS], dont le si\u00e8ge social est localis\u00e9 au [Adresse].<\/p>\n        <p>L'h\u00e9bergeur du blog Pratique Sant\u00e9 est la soci\u00e9t\u00e9 WordPress.<\/p>\n    <\/section>\n\n    <section>\n        <h2>Article 3 : Acc\u00e8s au blog<\/h2>\n        <p>Le blog Pratique Sant\u00e9 permet l'acc\u00e8s gratuit aux services suivants :<\/p>\n        <ul>\n            <li>Articles d'information sur la sant\u00e9<\/li>\n            <li>Commentaires et interactions<\/li>\n            <li>Newsletter<\/li>\n        <\/ul>\n        <p>Le blog est accessible gratuitement depuis n'importe o\u00f9 par tout utilisateur disposant d'un acc\u00e8s \u00e0 Internet. Tous les frais n\u00e9cessaires pour l'acc\u00e8s aux services (mat\u00e9riel informatique, connexion Internet\u2026) sont \u00e0 la charge de l'utilisateur.<\/p>\n    <\/section>\n\n    <section>\n        <h2>Article 4 : Collecte des donn\u00e9es<\/h2>\n        <p>Pour la cr\u00e9ation du compte de l'Utilisateur, la collecte des informations au moment de l'inscription sur le blog est n\u00e9cessaire et obligatoire. Conform\u00e9ment \u00e0 la loi n\u00b078-17 du 6 janvier 1978 relative \u00e0 l'informatique, aux fichiers et aux libert\u00e9s, la collecte et le traitement d'informations personnelles s'effectuent dans le respect de la vie priv\u00e9e.<\/p>\n        <p>Selon le R\u00e8glement G\u00e9n\u00e9ral sur la Protection des Donn\u00e9es (RGPD), l'Utilisateur dispose d'un droit d'acc\u00e8s, de rectification, d'effacement et d'opposition de ses donn\u00e9es personnelles.<\/p>\n    <\/section>\n\n    <section>\n        <h2>Article 5 : Propri\u00e9t\u00e9 intellectuelle<\/h2>\n        <p>Les marques, logos ainsi que les contenus du blog Pratique Sant\u00e9 (illustrations graphiques, textes\u2026) sont prot\u00e9g\u00e9s par le Code de la propri\u00e9t\u00e9 intellectuelle et par le droit d'auteur.<\/p>\n        <p>Toute reproduction, distribution, modification, adaptation, retransmission ou publication, m\u00eame partielle, de ces diff\u00e9rents \u00e9l\u00e9ments est strictement interdite sans l'accord express par \u00e9crit de Pratique Sant\u00e9.<\/p>\n    <\/section>\n\n    <section>\n        <h2>Article 6 : Responsabilit\u00e9<\/h2>\n        <p>Les informations fournies sur le blog Pratique Sant\u00e9 sont \u00e0 titre informatif. L'Utilisateur est seul responsable de l'utilisation qu'il fait de ces informations. Le blog ne pourrait \u00eatre tenu responsable des cons\u00e9quences directes ou indirectes pouvant en d\u00e9couler.<\/p>\n        <p>Les informations m\u00e9dicales pr\u00e9sent\u00e9es sur le blog ne remplacent en aucun cas une consultation m\u00e9dicale. Les lecteurs sont invit\u00e9s \u00e0 consulter un professionnel de sant\u00e9 pour tout avis m\u00e9dical.<\/p>\n    <\/section>\n\n    <section>\n        <h2>Article 7 : Liens hypertextes<\/h2>\n        <p>Le blog peut contenir des liens hypertextes vers d'autres sites pr\u00e9sents sur le r\u00e9seau Internet. Les liens vers ces autres ressources vous font quitter le blog Pratique Sant\u00e9.<\/p>\n        <p>Il est possible de cr\u00e9er un lien vers la page de pr\u00e9sentation de ce blog sans autorisation expresse. Aucune autorisation ou demande d'information pr\u00e9alable ne peut \u00eatre exig\u00e9e par l'\u00e9diteur \u00e0 l'\u00e9gard d'un site qui souhaite \u00e9tablir un lien vers le blog.<\/p>\n    <\/section>\n\n    <section>\n        <h2>Article 8 : Commentaires<\/h2>\n        <p>L'Utilisateur est invit\u00e9 \u00e0 contribuer au contenu en laissant des commentaires. Cependant, le blog se r\u00e9serve le droit de supprimer sans pr\u00e9avis tout commentaire qui :<\/p>\n        <ul>\n            <li>Serait contraire aux lois en vigueur<\/li>\n            <li>Constituerait une publicit\u00e9 non sollicit\u00e9e<\/li>\n            <li>Porterait atteinte aux droits d'un tiers<\/li>\n            <li>Contiendrait des propos diffamatoires, injurieux, ou incitant \u00e0 la haine<\/li>\n            <li>Promouvrait des pratiques dangereuses pour la sant\u00e9<\/li>\n        <\/ul>\n    <\/section>\n\n    <section>\n        <h2>Article 9 : Publication par l'Utilisateur<\/h2>\n        <p>Le blog permet aux membres de publier des commentaires.<\/p>\n        <p>Dans ses publications, l'Utilisateur s'engage \u00e0 respecter les r\u00e8gles de la Netiquette et les r\u00e8gles de droit en vigueur.<\/p>\n    <\/section>\n\n    <section>\n        <h2>Article 10 : Modification des CGU<\/h2>\n        <p>Les pr\u00e9sentes CGU peuvent \u00eatre modifi\u00e9es \u00e0 tout moment par Pratique Sant\u00e9. Les CGU applicables sont celles en vigueur au moment de l'utilisation du blog.<\/p>\n    <\/section>\n\n    <section>\n        <h2>Article 11 : Droit applicable et juridiction comp\u00e9tente<\/h2>\n        <p>La l\u00e9gislation fran\u00e7aise s'applique au pr\u00e9sent contrat. En cas d'absence de r\u00e9solution amiable d'un litige n\u00e9 entre les parties, seuls les tribunaux [du ressort de la Cour d'appel de (ville)] sont comp\u00e9tents.<\/p>\n    <\/section>\n    <\/div>\t\t\t\t<\/div>\n\t\t\t\t<\/div>\n\t\t\t\t\t<\/div>\n\t\t\t\t<\/div>\n\t\t<div class=\"elementor-element elementor-element-66c1fb4 e-grid e-con-boxed e-con e-parent\" data-id=\"66c1fb4\" data-element_type=\"container\" data-settings=\"{&quot;background_background&quot;:&quot;classic&quot;}\">\n\t\t\t\t\t<div class=\"e-con-inner\">\n\t\t\t\t<div class=\"elementor-element elementor-element-7466f647 elementor-widget elementor-widget-heading\" data-id=\"7466f647\" data-element_type=\"widget\" data-widget_type=\"heading.default\">\n\t\t\t\t<div class=\"elementor-widget-container\">\n\t\t\t\t\t<h5 class=\"elementor-heading-title elementor-size-default\">Cat\u00e9gories<\/h5>\t\t\t\t<\/div>\n\t\t\t\t<\/div>\n\t\t\t\t<div class=\"elementor-element elementor-element-6dfdb140 elementor-nav-menu--dropdown-tablet elementor-nav-menu__text-align-aside elementor-nav-menu--toggle elementor-nav-menu--burger elementor-widget elementor-widget-nav-menu\" data-id=\"6dfdb140\" data-element_type=\"widget\" data-settings=\"{&quot;layout&quot;:&quot;vertical&quot;,&quot;submenu_icon&quot;:{&quot;value&quot;:&quot;&lt;svg class=\\&quot;e-font-icon-svg e-fas-caret-down\\&quot; viewBox=\\&quot;0 0 320 512\\&quot; xmlns=\\&quot;http:\\\/\\\/www.w3.org\\\/2000\\\/svg\\&quot;&gt;&lt;path d=\\&quot;M31.3 192h257.3c17.8 0 26.7 21.5 14.1 34.1L174.1 354.8c-7.8 7.8-20.5 7.8-28.3 0L17.2 226.1C4.6 213.5 13.5 192 31.3 192z\\&quot;&gt;&lt;\\\/path&gt;&lt;\\\/svg&gt;&quot;,&quot;library&quot;:&quot;fa-solid&quot;},&quot;toggle&quot;:&quot;burger&quot;}\" data-widget_type=\"nav-menu.default\">\n\t\t\t\t<div class=\"elementor-widget-container\">\n\t\t\t\t\t\t\t\t<nav aria-label=\"Menu\" class=\"elementor-nav-menu--main elementor-nav-menu__container elementor-nav-menu--layout-vertical e--pointer-underline e--animation-fade\">\n\t\t\t\t<ul id=\"menu-1-6dfdb140\" class=\"elementor-nav-menu sm-vertical\"><li class=\"menu-item menu-item-type-custom menu-item-object-custom menu-item-home menu-item-441\"><a href=\"https:\/\/blog.pratiquesante.fr\/\" class=\"elementor-item\">Acceuil<\/a><\/li>\n<li class=\"menu-item menu-item-type-custom menu-item-object-custom menu-item-442\"><a href=\"https:\/\/blog.pratiquesante.fr\/?page_id=33\" class=\"elementor-item\">Dermato<\/a><\/li>\n<li class=\"menu-item menu-item-type-custom menu-item-object-custom menu-item-443\"><a href=\"https:\/\/blog.pratiquesante.fr\/?page_id=15\" class=\"elementor-item\">Infirmiers<\/a><\/li>\n<li class=\"menu-item menu-item-type-custom menu-item-object-custom menu-item-444\"><a href=\"https:\/\/blog.pratiquesante.fr\/?page_id=30\" class=\"elementor-item\">Kin\u00e9<\/a><\/li>\n<li class=\"menu-item menu-item-type-custom menu-item-object-custom menu-item-445\"><a href=\"https:\/\/blog.pratiquesante.fr\/?page_id=419\" class=\"elementor-item\">Lifestyle<\/a><\/li>\n<\/ul>\t\t\t<\/nav>\n\t\t\t\t\t<div class=\"elementor-menu-toggle\" role=\"button\" tabindex=\"0\" aria-label=\"Permuter le menu\" aria-expanded=\"false\">\n\t\t\t<svg aria-hidden=\"true\" role=\"presentation\" class=\"elementor-menu-toggle__icon--open e-font-icon-svg e-eicon-menu-bar\" viewBox=\"0 0 1000 1000\" xmlns=\"http:\/\/www.w3.org\/2000\/svg\"><path d=\"M104 333H896C929 333 958 304 958 271S929 208 896 208H104C71 208 42 237 42 271S71 333 104 333ZM104 583H896C929 583 958 554 958 521S929 458 896 458H104C71 458 42 487 42 521S71 583 104 583ZM104 833H896C929 833 958 804 958 771S929 708 896 708H104C71 708 42 737 42 771S71 833 104 833Z\"><\/path><\/svg><svg aria-hidden=\"true\" role=\"presentation\" class=\"elementor-menu-toggle__icon--close e-font-icon-svg e-eicon-close\" viewBox=\"0 0 1000 1000\" xmlns=\"http:\/\/www.w3.org\/2000\/svg\"><path d=\"M742 167L500 408 258 167C246 154 233 150 217 150 196 150 179 158 167 167 154 179 150 196 150 212 150 229 154 242 171 254L408 500 167 742C138 771 138 800 167 829 196 858 225 858 254 829L496 587 738 829C750 842 767 846 783 846 800 846 817 842 829 829 842 817 846 804 846 783 846 767 842 750 829 737L588 500 833 258C863 229 863 200 833 171 804 137 775 137 742 167Z\"><\/path><\/svg>\t\t<\/div>\n\t\t\t\t\t<nav class=\"elementor-nav-menu--dropdown elementor-nav-menu__container\" aria-hidden=\"true\">\n\t\t\t\t<ul id=\"menu-2-6dfdb140\" class=\"elementor-nav-menu sm-vertical\"><li class=\"menu-item menu-item-type-custom menu-item-object-custom menu-item-home menu-item-441\"><a href=\"https:\/\/blog.pratiquesante.fr\/\" class=\"elementor-item\" tabindex=\"-1\">Acceuil<\/a><\/li>\n<li class=\"menu-item menu-item-type-custom menu-item-object-custom menu-item-442\"><a href=\"https:\/\/blog.pratiquesante.fr\/?page_id=33\" class=\"elementor-item\" tabindex=\"-1\">Dermato<\/a><\/li>\n<li class=\"menu-item menu-item-type-custom menu-item-object-custom menu-item-443\"><a href=\"https:\/\/blog.pratiquesante.fr\/?page_id=15\" class=\"elementor-item\" tabindex=\"-1\">Infirmiers<\/a><\/li>\n<li class=\"menu-item menu-item-type-custom menu-item-object-custom menu-item-444\"><a href=\"https:\/\/blog.pratiquesante.fr\/?page_id=30\" class=\"elementor-item\" tabindex=\"-1\">Kin\u00e9<\/a><\/li>\n<li class=\"menu-item menu-item-type-custom menu-item-object-custom menu-item-445\"><a href=\"https:\/\/blog.pratiquesante.fr\/?page_id=419\" class=\"elementor-item\" tabindex=\"-1\">Lifestyle<\/a><\/li>\n<\/ul>\t\t\t<\/nav>\n\t\t\t\t\t\t<\/div>\n\t\t\t\t<\/div>\n\t\t\t\t<div class=\"elementor-element elementor-element-23b359fe elementor-widget elementor-widget-heading\" data-id=\"23b359fe\" data-element_type=\"widget\" data-widget_type=\"heading.default\">\n\t\t\t\t<div class=\"elementor-widget-container\">\n\t\t\t\t\t<h5 class=\"elementor-heading-title elementor-size-default\">Pages<\/h5>\t\t\t\t<\/div>\n\t\t\t\t<\/div>\n\t\t<div class=\"elementor-element elementor-element-c4edea7 e-con-full e-flex e-con e-child\" data-id=\"c4edea7\" data-element_type=\"container\">\n\t\t\t\t<div class=\"elementor-element elementor-element-7202e064 elementor-align-justify elementor-widget elementor-widget-button\" data-id=\"7202e064\" data-element_type=\"widget\" data-widget_type=\"button.default\">\n\t\t\t\t<div class=\"elementor-widget-container\">\n\t\t\t\t\t\t\t\t\t<div class=\"elementor-button-wrapper\">\n\t\t\t\t\t<a class=\"elementor-button elementor-button-link elementor-size-sm\" href=\"https:\/\/blog.pratiquesante.fr\/\">\n\t\t\t\t\t\t<span class=\"elementor-button-content-wrapper\">\n\t\t\t\t\t\t\t\t\t<span class=\"elementor-button-text\">Acceuil<\/span>\n\t\t\t\t\t<\/span>\n\t\t\t\t\t<\/a>\n\t\t\t\t<\/div>\n\t\t\t\t\t\t\t\t<\/div>\n\t\t\t\t<\/div>\n\t\t\t\t<div class=\"elementor-element elementor-element-5d829ab2 elementor-align-justify elementor-widget elementor-widget-button\" data-id=\"5d829ab2\" data-element_type=\"widget\" data-widget_type=\"button.default\">\n\t\t\t\t<div class=\"elementor-widget-container\">\n\t\t\t\t\t\t\t\t\t<div class=\"elementor-button-wrapper\">\n\t\t\t\t\t<a class=\"elementor-button elementor-button-link elementor-size-sm\" href=\"https:\/\/blog.pratiquesante.fr\/?page_id=577\">\n\t\t\t\t\t\t<span class=\"elementor-button-content-wrapper\">\n\t\t\t\t\t\t\t\t\t<span class=\"elementor-button-text\">CGU<\/span>\n\t\t\t\t\t<\/span>\n\t\t\t\t\t<\/a>\n\t\t\t\t<\/div>\n\t\t\t\t\t\t\t\t<\/div>\n\t\t\t\t<\/div>\n\t\t\t\t<\/div>\n\t\t\t\t<div class=\"elementor-element elementor-element-2ead5f80 elementor-widget elementor-widget-heading\" data-id=\"2ead5f80\" data-element_type=\"widget\" data-widget_type=\"heading.default\">\n\t\t\t\t<div class=\"elementor-widget-container\">\n\t\t\t\t\t<h5 class=\"elementor-heading-title elementor-size-default\">Liens utiles<\/h5>\t\t\t\t<\/div>\n\t\t\t\t<\/div>\n\t\t<div class=\"elementor-element elementor-element-35782ba1 e-con-full e-flex e-con e-child\" data-id=\"35782ba1\" data-element_type=\"container\">\n\t\t\t\t<\/div>\n\t\t\t\t\t<\/div>\n\t\t\t\t<\/div>\n\t\t\t\t<\/div>\n\t\t","protected":false},"excerpt":{"rendered":"<p>Conditions G\u00e9n\u00e9rales d&rsquo;Utilisation du site Pratique Sant\u00e9 En vigueur au 13\/02\/2025 Article 1 : Objet Les pr\u00e9sentes CGU encadrent juridiquement l&rsquo;utilisation des services du blog Pratique Sant\u00e9 (ci-apr\u00e8s d\u00e9nomm\u00e9 \u00ab le blog \u00bb). Constituant le contrat entre la soci\u00e9t\u00e9 Pratique Sant\u00e9, l&rsquo;Utilisateur, l&rsquo;acc\u00e8s au blog doit \u00eatre pr\u00e9c\u00e9d\u00e9 de l&rsquo;acceptation de ces CGU. L&rsquo;acc\u00e8s \u00e0 [&hellip;]<\/p>\n","protected":false},"author":1,"featured_media":0,"parent":0,"menu_order":0,"comment_status":"closed","ping_status":"closed","template":"","meta":{"footnotes":""},"class_list":["post-577","page","type-page","status-publish","hentry"],"yoast_head":"<!-- This site is optimized with the Yoast SEO plugin v24.4 - https:\/\/yoast.com\/wordpress\/plugins\/seo\/ -->\n<title>CGU - Blog Pratique Sant\u00e9<\/title>\n<meta name=\"robots\" content=\"noindex, follow, max-snippet:-1, max-image-preview:large, max-video-preview:-1\" \/>\n<meta property=\"og:locale\" content=\"fr_FR\" \/>\n<meta property=\"og:type\" content=\"article\" \/>\n<meta property=\"og:title\" content=\"CGU - Blog Pratique Sant\u00e9\" \/>\n<meta property=\"og:description\" content=\"Conditions G\u00e9n\u00e9rales d&rsquo;Utilisation du site Pratique Sant\u00e9 En vigueur au 13\/02\/2025 Article 1 : Objet Les pr\u00e9sentes CGU encadrent juridiquement l&rsquo;utilisation des services du blog Pratique Sant\u00e9 (ci-apr\u00e8s d\u00e9nomm\u00e9 \u00ab le blog \u00bb). Constituant le contrat entre la soci\u00e9t\u00e9 Pratique Sant\u00e9, l&rsquo;Utilisateur, l&rsquo;acc\u00e8s au blog doit \u00eatre pr\u00e9c\u00e9d\u00e9 de l&rsquo;acceptation de ces CGU. L&rsquo;acc\u00e8s \u00e0 [&hellip;]\" \/>\n<meta property=\"og:url\" content=\"https:\/\/blog.pratiquesante.fr\/?page_id=577\" \/>\n<meta property=\"og:site_name\" content=\"Blog Pratique Sant\u00e9\" \/>\n<meta property=\"article:modified_time\" content=\"2025-02-14T10:24:11+00:00\" \/>\n<meta name=\"twitter:card\" content=\"summary_large_image\" \/>\n<meta name=\"twitter:label1\" content=\"Dur\u00e9e de lecture estim\u00e9e\" \/>\n\t<meta name=\"twitter:data1\" content=\"4 minutes\" \/>\n<script type=\"application\/ld+json\" class=\"yoast-schema-graph\">{\"@context\":\"https:\/\/schema.org\",\"@graph\":[{\"@type\":\"WebPage\",\"@id\":\"https:\/\/blog.pratiquesante.fr\/?page_id=577\",\"url\":\"https:\/\/blog.pratiquesante.fr\/?page_id=577\",\"name\":\"CGU - Blog Pratique Sant\u00e9\",\"isPartOf\":{\"@id\":\"https:\/\/blog.pratiquesante.fr\/#website\"},\"datePublished\":\"2025-02-13T14:02:29+00:00\",\"dateModified\":\"2025-02-14T10:24:11+00:00\",\"breadcrumb\":{\"@id\":\"https:\/\/blog.pratiquesante.fr\/?page_id=577#breadcrumb\"},\"inLanguage\":\"fr-FR\",\"potentialAction\":[{\"@type\":\"ReadAction\",\"target\":[\"https:\/\/blog.pratiquesante.fr\/?page_id=577\"]}]},{\"@type\":\"BreadcrumbList\",\"@id\":\"https:\/\/blog.pratiquesante.fr\/?page_id=577#breadcrumb\",\"itemListElement\":[{\"@type\":\"ListItem\",\"position\":1,\"name\":\"Accueil\",\"item\":\"https:\/\/blog.pratiquesante.fr\/\"},{\"@type\":\"ListItem\",\"position\":2,\"name\":\"CGU\"}]},{\"@type\":\"WebSite\",\"@id\":\"https:\/\/blog.pratiquesante.fr\/#website\",\"url\":\"https:\/\/blog.pratiquesante.fr\/\",\"name\":\"Blog Pratique Sant\u00e9\",\"description\":\"\",\"potentialAction\":[{\"@type\":\"SearchAction\",\"target\":{\"@type\":\"EntryPoint\",\"urlTemplate\":\"https:\/\/blog.pratiquesante.fr\/?s={search_term_string}\"},\"query-input\":{\"@type\":\"PropertyValueSpecification\",\"valueRequired\":true,\"valueName\":\"search_term_string\"}}],\"inLanguage\":\"fr-FR\"}]}<\/script>\n<!-- \/ Yoast SEO plugin. -->","yoast_head_json":{"title":"CGU - Blog Pratique Sant\u00e9","robots":{"index":"noindex","follow":"follow","max-snippet":"max-snippet:-1","max-image-preview":"max-image-preview:large","max-video-preview":"max-video-preview:-1"},"og_locale":"fr_FR","og_type":"article","og_title":"CGU - Blog Pratique Sant\u00e9","og_description":"Conditions G\u00e9n\u00e9rales d&rsquo;Utilisation du site Pratique Sant\u00e9 En vigueur au 13\/02\/2025 Article 1 : Objet Les pr\u00e9sentes CGU encadrent juridiquement l&rsquo;utilisation des services du blog Pratique Sant\u00e9 (ci-apr\u00e8s d\u00e9nomm\u00e9 \u00ab le blog \u00bb). Constituant le contrat entre la soci\u00e9t\u00e9 Pratique Sant\u00e9, l&rsquo;Utilisateur, l&rsquo;acc\u00e8s au blog doit \u00eatre pr\u00e9c\u00e9d\u00e9 de l&rsquo;acceptation de ces CGU. L&rsquo;acc\u00e8s \u00e0 [&hellip;]","og_url":"https:\/\/blog.pratiquesante.fr\/?page_id=577","og_site_name":"Blog Pratique Sant\u00e9","article_modified_time":"2025-02-14T10:24:11+00:00","twitter_card":"summary_large_image","twitter_misc":{"Dur\u00e9e de lecture estim\u00e9e":"4 minutes"},"schema":{"@context":"https:\/\/schema.org","@graph":[{"@type":"WebPage","@id":"https:\/\/blog.pratiquesante.fr\/?page_id=577","url":"https:\/\/blog.pratiquesante.fr\/?page_id=577","name":"CGU - Blog Pratique Sant\u00e9","isPartOf":{"@id":"https:\/\/blog.pratiquesante.fr\/#website"},"datePublished":"2025-02-13T14:02:29+00:00","dateModified":"2025-02-14T10:24:11+00:00","breadcrumb":{"@id":"https:\/\/blog.pratiquesante.fr\/?page_id=577#breadcrumb"},"inLanguage":"fr-FR","potentialAction":[{"@type":"ReadAction","target":["https:\/\/blog.pratiquesante.fr\/?page_id=577"]}]},{"@type":"BreadcrumbList","@id":"https:\/\/blog.pratiquesante.fr\/?page_id=577#breadcrumb","itemListElement":[{"@type":"ListItem","position":1,"name":"Accueil","item":"https:\/\/blog.pratiquesante.fr\/"},{"@type":"ListItem","position":2,"name":"CGU"}]},{"@type":"WebSite","@id":"https:\/\/blog.pratiquesante.fr\/#website","url":"https:\/\/blog.pratiquesante.fr\/","name":"Blog Pratique Sant\u00e9","description":"","potentialAction":[{"@type":"SearchAction","target":{"@type":"EntryPoint","urlTemplate":"https:\/\/blog.pratiquesante.fr\/?s={search_term_string}"},"query-input":{"@type":"PropertyValueSpecification","valueRequired":true,"valueName":"search_term_string"}}],"inLanguage":"fr-FR"}]}},"_links":{"self":[{"href":"https:\/\/blog.pratiquesante.fr\/index.php?rest_route=\/wp\/v2\/pages\/577","targetHints":{"allow":["GET"]}}],"collection":[{"href":"https:\/\/blog.pratiquesante.fr\/index.php?rest_route=\/wp\/v2\/pages"}],"about":[{"href":"https:\/\/blog.pratiquesante.fr\/index.php?rest_route=\/wp\/v2\/types\/page"}],"author":[{"embeddable":true,"href":"https:\/\/blog.pratiquesante.fr\/index.php?rest_route=\/wp\/v2\/users\/1"}],"replies":[{"embeddable":true,"href":"https:\/\/blog.pratiquesante.fr\/index.php?rest_route=%2Fwp%2Fv2%2Fcomments&post=577"}],"version-history":[{"count":13,"href":"https:\/\/blog.pratiquesante.fr\/index.php?rest_route=\/wp\/v2\/pages\/577\/revisions"}],"predecessor-version":[{"id":807,"href":"https:\/\/blog.pratiquesante.fr\/index.php?rest_route=\/wp\/v2\/pages\/577\/revisions\/807"}],"wp:attachment":[{"href":"https:\/\/blog.pratiquesante.fr\/index.php?rest_route=%2Fwp%2Fv2%2Fmedia&parent=577"}],"curies":[{"name":"wp","href":"https:\/\/api.w.org\/{rel}","templated":true}]}}