{"id":30,"date":"2025-02-06T14:09:33","date_gmt":"2025-02-06T13:09:33","guid":{"rendered":"https:\/\/blog.pratiquesante.fr\/?page_id=30"},"modified":"2025-02-14T11:39:10","modified_gmt":"2025-02-14T10:39:10","slug":"kinesitherapie","status":"publish","type":"page","link":"https:\/\/blog.pratiquesante.fr\/?page_id=30","title":{"rendered":"Kin\u00e9sith\u00e9rapie"},"content":{"rendered":"\t\t<div data-elementor-type=\"wp-page\" data-elementor-id=\"30\" class=\"elementor elementor-30\" data-elementor-post-type=\"page\">\n\t\t\t\t<div class=\"elementor-element elementor-element-1884484 e-flex e-con-boxed e-con e-parent\" data-id=\"1884484\" data-element_type=\"container\">\n\t\t\t\t\t<div class=\"e-con-inner\">\n\t\t\t\t<div class=\"elementor-element elementor-element-bd70949 elementor-nav-menu--dropdown-mobile elementor-nav-menu__text-align-aside elementor-nav-menu--toggle elementor-nav-menu--burger elementor-widget elementor-widget-global elementor-global-507 elementor-widget-nav-menu\" data-id=\"bd70949\" data-element_type=\"widget\" data-settings=\"{&quot;layout&quot;:&quot;horizontal&quot;,&quot;submenu_icon&quot;:{&quot;value&quot;:&quot;fas fa-caret-down&quot;,&quot;library&quot;:&quot;fa-solid&quot;},&quot;toggle&quot;:&quot;burger&quot;}\" data-widget_type=\"nav-menu.default\">\n\t\t\t\t<div class=\"elementor-widget-container\">\n\t\t\t\t\t\t\t\t<nav aria-label=\"Menu\" class=\"elementor-nav-menu--main elementor-nav-menu__container elementor-nav-menu--layout-horizontal e--pointer-underline e--animation-fade\">\n\t\t\t\t<ul id=\"menu-1-bd70949\" class=\"elementor-nav-menu\"><li class=\"menu-item menu-item-type-custom menu-item-object-custom menu-item-home menu-item-441\"><a href=\"https:\/\/blog.pratiquesante.fr\/\" class=\"elementor-item\">Acceuil<\/a><\/li>\n<li class=\"menu-item menu-item-type-custom menu-item-object-custom menu-item-442\"><a href=\"https:\/\/blog.pratiquesante.fr\/?page_id=33\" class=\"elementor-item\">Dermato<\/a><\/li>\n<li class=\"menu-item menu-item-type-custom menu-item-object-custom menu-item-443\"><a href=\"https:\/\/blog.pratiquesante.fr\/?page_id=15\" class=\"elementor-item\">Infirmiers<\/a><\/li>\n<li class=\"menu-item menu-item-type-custom menu-item-object-custom menu-item-444\"><a href=\"https:\/\/blog.pratiquesante.fr\/?page_id=30\" class=\"elementor-item\">Kin\u00e9<\/a><\/li>\n<li class=\"menu-item menu-item-type-custom menu-item-object-custom menu-item-445\"><a href=\"https:\/\/blog.pratiquesante.fr\/?page_id=419\" class=\"elementor-item\">Lifestyle<\/a><\/li>\n<\/ul>\t\t\t<\/nav>\n\t\t\t\t\t<div class=\"elementor-menu-toggle\" role=\"button\" tabindex=\"0\" aria-label=\"Permuter le menu\" aria-expanded=\"false\">\n\t\t\t<svg aria-hidden=\"true\" role=\"presentation\" class=\"elementor-menu-toggle__icon--open e-font-icon-svg e-eicon-menu-bar\" viewBox=\"0 0 1000 1000\" xmlns=\"http:\/\/www.w3.org\/2000\/svg\"><path d=\"M104 333H896C929 333 958 304 958 271S929 208 896 208H104C71 208 42 237 42 271S71 333 104 333ZM104 583H896C929 583 958 554 958 521S929 458 896 458H104C71 458 42 487 42 521S71 583 104 583ZM104 833H896C929 833 958 804 958 771S929 708 896 708H104C71 708 42 737 42 771S71 833 104 833Z\"><\/path><\/svg><svg aria-hidden=\"true\" role=\"presentation\" class=\"elementor-menu-toggle__icon--close e-font-icon-svg e-eicon-close\" viewBox=\"0 0 1000 1000\" xmlns=\"http:\/\/www.w3.org\/2000\/svg\"><path d=\"M742 167L500 408 258 167C246 154 233 150 217 150 196 150 179 158 167 167 154 179 150 196 150 212 150 229 154 242 171 254L408 500 167 742C138 771 138 800 167 829 196 858 225 858 254 829L496 587 738 829C750 842 767 846 783 846 800 846 817 842 829 829 842 817 846 804 846 783 846 767 842 750 829 737L588 500 833 258C863 229 863 200 833 171 804 137 775 137 742 167Z\"><\/path><\/svg>\t\t<\/div>\n\t\t\t\t\t<nav class=\"elementor-nav-menu--dropdown elementor-nav-menu__container\" aria-hidden=\"true\">\n\t\t\t\t<ul id=\"menu-2-bd70949\" class=\"elementor-nav-menu\"><li class=\"menu-item menu-item-type-custom menu-item-object-custom menu-item-home menu-item-441\"><a href=\"https:\/\/blog.pratiquesante.fr\/\" class=\"elementor-item\" tabindex=\"-1\">Acceuil<\/a><\/li>\n<li class=\"menu-item menu-item-type-custom menu-item-object-custom menu-item-442\"><a href=\"https:\/\/blog.pratiquesante.fr\/?page_id=33\" class=\"elementor-item\" tabindex=\"-1\">Dermato<\/a><\/li>\n<li class=\"menu-item menu-item-type-custom menu-item-object-custom menu-item-443\"><a href=\"https:\/\/blog.pratiquesante.fr\/?page_id=15\" class=\"elementor-item\" tabindex=\"-1\">Infirmiers<\/a><\/li>\n<li class=\"menu-item menu-item-type-custom menu-item-object-custom menu-item-444\"><a href=\"https:\/\/blog.pratiquesante.fr\/?page_id=30\" class=\"elementor-item\" tabindex=\"-1\">Kin\u00e9<\/a><\/li>\n<li class=\"menu-item menu-item-type-custom menu-item-object-custom menu-item-445\"><a href=\"https:\/\/blog.pratiquesante.fr\/?page_id=419\" class=\"elementor-item\" tabindex=\"-1\">Lifestyle<\/a><\/li>\n<\/ul>\t\t\t<\/nav>\n\t\t\t\t\t\t<\/div>\n\t\t\t\t<\/div>\n\t\t\t\t\t<\/div>\n\t\t\t\t<\/div>\n\t\t<div class=\"elementor-element elementor-element-b02a020 e-flex e-con-boxed e-con e-parent\" data-id=\"b02a020\" data-element_type=\"container\">\n\t\t\t\t\t<div class=\"e-con-inner\">\n\t\t\t\t<div class=\"elementor-element elementor-element-f278669 elementor-widget elementor-widget-heading\" data-id=\"f278669\" data-element_type=\"widget\" data-widget_type=\"heading.default\">\n\t\t\t\t<div class=\"elementor-widget-container\">\n\t\t\t\t\t<h2 class=\"elementor-heading-title elementor-size-default\">Nos articles de Kin\u00e9<\/h2>\t\t\t\t<\/div>\n\t\t\t\t<\/div>\n\t\t\t\t\t<\/div>\n\t\t\t\t<\/div>\n\t\t<div class=\"elementor-element elementor-element-e940998 e-flex e-con-boxed e-con e-parent\" data-id=\"e940998\" data-element_type=\"container\">\n\t\t\t\t\t<div class=\"e-con-inner\">\n\t\t\t\t<div class=\"elementor-element elementor-element-b612d54 elementor-grid-3 elementor-grid-tablet-2 elementor-grid-mobile-1 elementor-posts--thumbnail-top elementor-card-shadow-yes elementor-posts__hover-gradient elementor-widget elementor-widget-posts\" data-id=\"b612d54\" data-element_type=\"widget\" data-settings=\"{&quot;pagination_type&quot;:&quot;load_more_infinite_scroll&quot;,&quot;cards_columns&quot;:&quot;3&quot;,&quot;cards_columns_tablet&quot;:&quot;2&quot;,&quot;cards_columns_mobile&quot;:&quot;1&quot;,&quot;cards_row_gap&quot;:{&quot;unit&quot;:&quot;px&quot;,&quot;size&quot;:35,&quot;sizes&quot;:[]},&quot;cards_row_gap_tablet&quot;:{&quot;unit&quot;:&quot;px&quot;,&quot;size&quot;:&quot;&quot;,&quot;sizes&quot;:[]},&quot;cards_row_gap_mobile&quot;:{&quot;unit&quot;:&quot;px&quot;,&quot;size&quot;:&quot;&quot;,&quot;sizes&quot;:[]},&quot;load_more_spinner&quot;:{&quot;value&quot;:&quot;fas fa-spinner&quot;,&quot;library&quot;:&quot;fa-solid&quot;}}\" data-widget_type=\"posts.cards\">\n\t\t\t\t<div class=\"elementor-widget-container\">\n\t\t\t\t\t\t\t<div class=\"elementor-posts-container elementor-posts elementor-posts--skin-cards elementor-grid\">\n\t\t\t\t<article class=\"elementor-post elementor-grid-item post-732 post type-post status-publish format-standard has-post-thumbnail hentry category-kine\">\n\t\t\t<div class=\"elementor-post__card\">\n\t\t\t\t<a class=\"elementor-post__thumbnail__link\" href=\"https:\/\/blog.pratiquesante.fr\/?p=732\" tabindex=\"-1\" ><div class=\"elementor-post__thumbnail\"><img fetchpriority=\"high\" decoding=\"async\" width=\"300\" height=\"200\" src=\"https:\/\/blog.pratiquesante.fr\/wp-content\/uploads\/2025\/02\/doctor-gives-medical-document-clinic-300x200.jpg\" class=\"attachment-medium size-medium wp-image-785\" alt=\"\" srcset=\"https:\/\/blog.pratiquesante.fr\/wp-content\/uploads\/2025\/02\/doctor-gives-medical-document-clinic-300x200.jpg 300w, https:\/\/blog.pratiquesante.fr\/wp-content\/uploads\/2025\/02\/doctor-gives-medical-document-clinic-1024x683.jpg 1024w, https:\/\/blog.pratiquesante.fr\/wp-content\/uploads\/2025\/02\/doctor-gives-medical-document-clinic-768x512.jpg 768w, https:\/\/blog.pratiquesante.fr\/wp-content\/uploads\/2025\/02\/doctor-gives-medical-document-clinic-1536x1024.jpg 1536w, https:\/\/blog.pratiquesante.fr\/wp-content\/uploads\/2025\/02\/doctor-gives-medical-document-clinic-2048x1365.jpg 2048w\" sizes=\"(max-width: 300px) 100vw, 300px\" \/><\/div><\/a>\n\t\t\t\t<div class=\"elementor-post__badge\">Kin\u00e9<\/div>\n\t\t\t\t<div class=\"elementor-post__text\">\n\t\t\t\t<h3 class=\"elementor-post__title\">\n\t\t\t<a href=\"https:\/\/blog.pratiquesante.fr\/?p=732\" >\n\t\t\t\tNGAP et remboursement : tout ce que les kin\u00e9s doivent savoir\t\t\t<\/a>\n\t\t<\/h3>\n\t\t\t\t<div class=\"elementor-post__excerpt\">\n\t\t\t<p>La ma\u00eetrise de la NGAP est cruciale pour assurer un remboursement optimal des soins de kin\u00e9sith\u00e9rapie. Cet article d\u00e9taille les cotations, les d\u00e9marches administratives et les points de vigilance pour \u00e9viter les refus de paiement.<\/p>\n\t\t<\/div>\n\t\t\n\t\t<a class=\"elementor-post__read-more\" href=\"https:\/\/blog.pratiquesante.fr\/?p=732\" aria-label=\"En savoir plus sur NGAP et remboursement : tout ce que les kin\u00e9s doivent savoir\" tabindex=\"-1\" >\n\t\t\tLire la suite \u00bb\t\t<\/a>\n\n\t\t\t\t<\/div>\n\t\t\t\t\t<\/div>\n\t\t<\/article>\n\t\t\t\t<article class=\"elementor-post elementor-grid-item post-698 post type-post status-publish format-standard has-post-thumbnail hentry category-kine\">\n\t\t\t<div class=\"elementor-post__card\">\n\t\t\t\t<a class=\"elementor-post__thumbnail__link\" href=\"https:\/\/blog.pratiquesante.fr\/?p=698\" tabindex=\"-1\" ><div class=\"elementor-post__thumbnail\"><img decoding=\"async\" width=\"300\" height=\"200\" src=\"https:\/\/blog.pratiquesante.fr\/wp-content\/uploads\/2025\/02\/crop-hands-using-laptop-making-notes-draft-300x200.jpg\" class=\"attachment-medium size-medium wp-image-786\" alt=\"\" srcset=\"https:\/\/blog.pratiquesante.fr\/wp-content\/uploads\/2025\/02\/crop-hands-using-laptop-making-notes-draft-300x200.jpg 300w, https:\/\/blog.pratiquesante.fr\/wp-content\/uploads\/2025\/02\/crop-hands-using-laptop-making-notes-draft-1024x683.jpg 1024w, https:\/\/blog.pratiquesante.fr\/wp-content\/uploads\/2025\/02\/crop-hands-using-laptop-making-notes-draft-768x512.jpg 768w, https:\/\/blog.pratiquesante.fr\/wp-content\/uploads\/2025\/02\/crop-hands-using-laptop-making-notes-draft-1536x1024.jpg 1536w, https:\/\/blog.pratiquesante.fr\/wp-content\/uploads\/2025\/02\/crop-hands-using-laptop-making-notes-draft-2048x1365.jpg 2048w\" sizes=\"(max-width: 300px) 100vw, 300px\" \/><\/div><\/a>\n\t\t\t\t<div class=\"elementor-post__badge\">Kin\u00e9<\/div>\n\t\t\t\t<div class=\"elementor-post__text\">\n\t\t\t\t<h3 class=\"elementor-post__title\">\n\t\t\t<a href=\"https:\/\/blog.pratiquesante.fr\/?p=698\" >\n\t\t\t\tNGAP kin\u00e9 : guide pratique pour bien coter ses actes\t\t\t<\/a>\n\t\t<\/h3>\n\t\t\t\t<div class=\"elementor-post__excerpt\">\n\t\t\t<p>La Nomenclature G\u00e9n\u00e9rale des Actes Professionnels (NGAP) est essentielle pour les kin\u00e9sith\u00e9rapeutes afin de coter correctement leurs actes et optimiser leur facturation. Ce guide pratique vous explique les r\u00e8gles cl\u00e9s et les erreurs \u00e0 \u00e9viter.<\/p>\n\t\t<\/div>\n\t\t\n\t\t<a class=\"elementor-post__read-more\" href=\"https:\/\/blog.pratiquesante.fr\/?p=698\" aria-label=\"En savoir plus sur NGAP kin\u00e9 : guide pratique pour bien coter ses actes\" tabindex=\"-1\" >\n\t\t\tLire la suite \u00bb\t\t<\/a>\n\n\t\t\t\t<\/div>\n\t\t\t\t\t<\/div>\n\t\t<\/article>\n\t\t\t\t<\/div>\n\t\t\t\t\t<span class=\"e-load-more-spinner\">\n\t\t\t\t<svg aria-hidden=\"true\" class=\"e-font-icon-svg e-fas-spinner\" viewBox=\"0 0 512 512\" xmlns=\"http:\/\/www.w3.org\/2000\/svg\"><path d=\"M304 48c0 26.51-21.49 48-48 48s-48-21.49-48-48 21.49-48 48-48 48 21.49 48 48zm-48 368c-26.51 0-48 21.49-48 48s21.49 48 48 48 48-21.49 48-48-21.49-48-48-48zm208-208c-26.51 0-48 21.49-48 48s21.49 48 48 48 48-21.49 48-48-21.49-48-48-48zM96 256c0-26.51-21.49-48-48-48S0 229.49 0 256s21.49 48 48 48 48-21.49 48-48zm12.922 99.078c-26.51 0-48 21.49-48 48s21.49 48 48 48 48-21.49 48-48c0-26.509-21.491-48-48-48zm294.156 0c-26.51 0-48 21.49-48 48s21.49 48 48 48 48-21.49 48-48c0-26.509-21.49-48-48-48zM108.922 60.922c-26.51 0-48 21.49-48 48s21.49 48 48 48 48-21.49 48-48-21.491-48-48-48z\"><\/path><\/svg>\t\t\t<\/span>\n\t\t\n\t\t\t\t\t\t<\/div>\n\t\t\t\t<\/div>\n\t\t\t\t\t<\/div>\n\t\t\t\t<\/div>\n\t\t<div class=\"elementor-element elementor-element-fe955c0 e-grid e-con-boxed e-con e-parent\" data-id=\"fe955c0\" data-element_type=\"container\" data-settings=\"{&quot;background_background&quot;:&quot;classic&quot;}\">\n\t\t\t\t\t<div class=\"e-con-inner\">\n\t\t\t\t<div class=\"elementor-element elementor-element-3a7c4ff elementor-widget elementor-widget-heading\" data-id=\"3a7c4ff\" data-element_type=\"widget\" data-widget_type=\"heading.default\">\n\t\t\t\t<div class=\"elementor-widget-container\">\n\t\t\t\t\t<h5 class=\"elementor-heading-title elementor-size-default\">Cat\u00e9gories<\/h5>\t\t\t\t<\/div>\n\t\t\t\t<\/div>\n\t\t\t\t<div class=\"elementor-element elementor-element-2a08066a elementor-nav-menu--dropdown-tablet elementor-nav-menu__text-align-aside elementor-nav-menu--toggle elementor-nav-menu--burger elementor-widget elementor-widget-nav-menu\" data-id=\"2a08066a\" data-element_type=\"widget\" data-settings=\"{&quot;layout&quot;:&quot;vertical&quot;,&quot;submenu_icon&quot;:{&quot;value&quot;:&quot;&lt;svg class=\\&quot;e-font-icon-svg e-fas-caret-down\\&quot; viewBox=\\&quot;0 0 320 512\\&quot; xmlns=\\&quot;http:\\\/\\\/www.w3.org\\\/2000\\\/svg\\&quot;&gt;&lt;path d=\\&quot;M31.3 192h257.3c17.8 0 26.7 21.5 14.1 34.1L174.1 354.8c-7.8 7.8-20.5 7.8-28.3 0L17.2 226.1C4.6 213.5 13.5 192 31.3 192z\\&quot;&gt;&lt;\\\/path&gt;&lt;\\\/svg&gt;&quot;,&quot;library&quot;:&quot;fa-solid&quot;},&quot;toggle&quot;:&quot;burger&quot;}\" data-widget_type=\"nav-menu.default\">\n\t\t\t\t<div class=\"elementor-widget-container\">\n\t\t\t\t\t\t\t\t<nav aria-label=\"Menu\" class=\"elementor-nav-menu--main elementor-nav-menu__container elementor-nav-menu--layout-vertical e--pointer-underline e--animation-fade\">\n\t\t\t\t<ul id=\"menu-1-2a08066a\" class=\"elementor-nav-menu sm-vertical\"><li class=\"menu-item menu-item-type-custom menu-item-object-custom menu-item-home menu-item-441\"><a href=\"https:\/\/blog.pratiquesante.fr\/\" class=\"elementor-item\">Acceuil<\/a><\/li>\n<li class=\"menu-item menu-item-type-custom menu-item-object-custom menu-item-442\"><a href=\"https:\/\/blog.pratiquesante.fr\/?page_id=33\" class=\"elementor-item\">Dermato<\/a><\/li>\n<li class=\"menu-item menu-item-type-custom menu-item-object-custom menu-item-443\"><a href=\"https:\/\/blog.pratiquesante.fr\/?page_id=15\" class=\"elementor-item\">Infirmiers<\/a><\/li>\n<li class=\"menu-item menu-item-type-custom menu-item-object-custom menu-item-444\"><a href=\"https:\/\/blog.pratiquesante.fr\/?page_id=30\" class=\"elementor-item\">Kin\u00e9<\/a><\/li>\n<li class=\"menu-item menu-item-type-custom menu-item-object-custom menu-item-445\"><a href=\"https:\/\/blog.pratiquesante.fr\/?page_id=419\" class=\"elementor-item\">Lifestyle<\/a><\/li>\n<\/ul>\t\t\t<\/nav>\n\t\t\t\t\t<div class=\"elementor-menu-toggle\" role=\"button\" tabindex=\"0\" aria-label=\"Permuter le menu\" aria-expanded=\"false\">\n\t\t\t<svg aria-hidden=\"true\" role=\"presentation\" class=\"elementor-menu-toggle__icon--open e-font-icon-svg e-eicon-menu-bar\" viewBox=\"0 0 1000 1000\" xmlns=\"http:\/\/www.w3.org\/2000\/svg\"><path d=\"M104 333H896C929 333 958 304 958 271S929 208 896 208H104C71 208 42 237 42 271S71 333 104 333ZM104 583H896C929 583 958 554 958 521S929 458 896 458H104C71 458 42 487 42 521S71 583 104 583ZM104 833H896C929 833 958 804 958 771S929 708 896 708H104C71 708 42 737 42 771S71 833 104 833Z\"><\/path><\/svg><svg aria-hidden=\"true\" role=\"presentation\" class=\"elementor-menu-toggle__icon--close e-font-icon-svg e-eicon-close\" viewBox=\"0 0 1000 1000\" xmlns=\"http:\/\/www.w3.org\/2000\/svg\"><path d=\"M742 167L500 408 258 167C246 154 233 150 217 150 196 150 179 158 167 167 154 179 150 196 150 212 150 229 154 242 171 254L408 500 167 742C138 771 138 800 167 829 196 858 225 858 254 829L496 587 738 829C750 842 767 846 783 846 800 846 817 842 829 829 842 817 846 804 846 783 846 767 842 750 829 737L588 500 833 258C863 229 863 200 833 171 804 137 775 137 742 167Z\"><\/path><\/svg>\t\t<\/div>\n\t\t\t\t\t<nav class=\"elementor-nav-menu--dropdown elementor-nav-menu__container\" aria-hidden=\"true\">\n\t\t\t\t<ul id=\"menu-2-2a08066a\" class=\"elementor-nav-menu sm-vertical\"><li class=\"menu-item menu-item-type-custom menu-item-object-custom menu-item-home menu-item-441\"><a href=\"https:\/\/blog.pratiquesante.fr\/\" class=\"elementor-item\" tabindex=\"-1\">Acceuil<\/a><\/li>\n<li class=\"menu-item menu-item-type-custom menu-item-object-custom menu-item-442\"><a href=\"https:\/\/blog.pratiquesante.fr\/?page_id=33\" class=\"elementor-item\" tabindex=\"-1\">Dermato<\/a><\/li>\n<li class=\"menu-item menu-item-type-custom menu-item-object-custom menu-item-443\"><a href=\"https:\/\/blog.pratiquesante.fr\/?page_id=15\" class=\"elementor-item\" tabindex=\"-1\">Infirmiers<\/a><\/li>\n<li class=\"menu-item menu-item-type-custom menu-item-object-custom menu-item-444\"><a href=\"https:\/\/blog.pratiquesante.fr\/?page_id=30\" class=\"elementor-item\" tabindex=\"-1\">Kin\u00e9<\/a><\/li>\n<li class=\"menu-item menu-item-type-custom menu-item-object-custom menu-item-445\"><a href=\"https:\/\/blog.pratiquesante.fr\/?page_id=419\" class=\"elementor-item\" tabindex=\"-1\">Lifestyle<\/a><\/li>\n<\/ul>\t\t\t<\/nav>\n\t\t\t\t\t\t<\/div>\n\t\t\t\t<\/div>\n\t\t\t\t<div class=\"elementor-element elementor-element-15cde491 elementor-widget elementor-widget-heading\" data-id=\"15cde491\" data-element_type=\"widget\" data-widget_type=\"heading.default\">\n\t\t\t\t<div class=\"elementor-widget-container\">\n\t\t\t\t\t<h5 class=\"elementor-heading-title elementor-size-default\">Pages<\/h5>\t\t\t\t<\/div>\n\t\t\t\t<\/div>\n\t\t<div class=\"elementor-element elementor-element-660d2153 e-con-full e-flex e-con e-child\" data-id=\"660d2153\" data-element_type=\"container\">\n\t\t\t\t<div class=\"elementor-element elementor-element-31a7f01b elementor-align-justify elementor-widget elementor-widget-button\" data-id=\"31a7f01b\" data-element_type=\"widget\" data-widget_type=\"button.default\">\n\t\t\t\t<div class=\"elementor-widget-container\">\n\t\t\t\t\t\t\t\t\t<div class=\"elementor-button-wrapper\">\n\t\t\t\t\t<a class=\"elementor-button elementor-button-link elementor-size-sm\" href=\"https:\/\/blog.pratiquesante.fr\/\">\n\t\t\t\t\t\t<span class=\"elementor-button-content-wrapper\">\n\t\t\t\t\t\t\t\t\t<span class=\"elementor-button-text\">Acceuil<\/span>\n\t\t\t\t\t<\/span>\n\t\t\t\t\t<\/a>\n\t\t\t\t<\/div>\n\t\t\t\t\t\t\t\t<\/div>\n\t\t\t\t<\/div>\n\t\t\t\t<div class=\"elementor-element elementor-element-539285a2 elementor-align-justify elementor-widget elementor-widget-button\" data-id=\"539285a2\" data-element_type=\"widget\" data-widget_type=\"button.default\">\n\t\t\t\t<div class=\"elementor-widget-container\">\n\t\t\t\t\t\t\t\t\t<div class=\"elementor-button-wrapper\">\n\t\t\t\t\t<a class=\"elementor-button elementor-button-link elementor-size-sm\" href=\"https:\/\/blog.pratiquesante.fr\/?page_id=577\">\n\t\t\t\t\t\t<span class=\"elementor-button-content-wrapper\">\n\t\t\t\t\t\t\t\t\t<span class=\"elementor-button-text\">CGU<\/span>\n\t\t\t\t\t<\/span>\n\t\t\t\t\t<\/a>\n\t\t\t\t<\/div>\n\t\t\t\t\t\t\t\t<\/div>\n\t\t\t\t<\/div>\n\t\t\t\t<\/div>\n\t\t\t\t<div class=\"elementor-element elementor-element-70341d28 elementor-widget elementor-widget-heading\" data-id=\"70341d28\" data-element_type=\"widget\" data-widget_type=\"heading.default\">\n\t\t\t\t<div class=\"elementor-widget-container\">\n\t\t\t\t\t<h5 class=\"elementor-heading-title elementor-size-default\">Liens utiles<\/h5>\t\t\t\t<\/div>\n\t\t\t\t<\/div>\n\t\t<div class=\"elementor-element elementor-element-3f959b23 e-con-full e-flex e-con e-child\" data-id=\"3f959b23\" data-element_type=\"container\">\n\t\t\t\t<\/div>\n\t\t\t\t\t<\/div>\n\t\t\t\t<\/div>\n\t\t\t\t<\/div>\n\t\t","protected":false},"excerpt":{"rendered":"<p>Nos articles de Kin\u00e9 Cat\u00e9gories Pages Acceuil CGU Liens utiles<\/p>\n","protected":false},"author":1,"featured_media":0,"parent":0,"menu_order":0,"comment_status":"closed","ping_status":"closed","template":"","meta":{"footnotes":""},"class_list":["post-30","page","type-page","status-publish","hentry"],"yoast_head":"<!-- This site is optimized with the Yoast SEO plugin v24.4 - https:\/\/yoast.com\/wordpress\/plugins\/seo\/ -->\n<title>Kin\u00e9sith\u00e9rapie - Blog Pratique Sant\u00e9<\/title>\n<meta name=\"robots\" content=\"noindex, follow, max-snippet:-1, max-image-preview:large, max-video-preview:-1\" \/>\n<meta property=\"og:locale\" content=\"fr_FR\" \/>\n<meta property=\"og:type\" content=\"article\" \/>\n<meta property=\"og:title\" content=\"Kin\u00e9sith\u00e9rapie - Blog Pratique Sant\u00e9\" \/>\n<meta property=\"og:description\" content=\"Nos articles de Kin\u00e9 Cat\u00e9gories Pages Acceuil CGU Liens utiles\" \/>\n<meta property=\"og:url\" content=\"https:\/\/blog.pratiquesante.fr\/?page_id=30\" \/>\n<meta property=\"og:site_name\" content=\"Blog Pratique Sant\u00e9\" \/>\n<meta property=\"article:modified_time\" content=\"2025-02-14T10:39:10+00:00\" \/>\n<meta name=\"twitter:card\" content=\"summary_large_image\" \/>\n<meta name=\"twitter:label1\" content=\"Dur\u00e9e de lecture estim\u00e9e\" \/>\n\t<meta name=\"twitter:data1\" content=\"2 minutes\" \/>\n<script type=\"application\/ld+json\" class=\"yoast-schema-graph\">{\"@context\":\"https:\/\/schema.org\",\"@graph\":[{\"@type\":\"WebPage\",\"@id\":\"https:\/\/blog.pratiquesante.fr\/?page_id=30\",\"url\":\"https:\/\/blog.pratiquesante.fr\/?page_id=30\",\"name\":\"Kin\u00e9sith\u00e9rapie - Blog Pratique Sant\u00e9\",\"isPartOf\":{\"@id\":\"https:\/\/blog.pratiquesante.fr\/#website\"},\"datePublished\":\"2025-02-06T13:09:33+00:00\",\"dateModified\":\"2025-02-14T10:39:10+00:00\",\"breadcrumb\":{\"@id\":\"https:\/\/blog.pratiquesante.fr\/?page_id=30#breadcrumb\"},\"inLanguage\":\"fr-FR\",\"potentialAction\":[{\"@type\":\"ReadAction\",\"target\":[\"https:\/\/blog.pratiquesante.fr\/?page_id=30\"]}]},{\"@type\":\"BreadcrumbList\",\"@id\":\"https:\/\/blog.pratiquesante.fr\/?page_id=30#breadcrumb\",\"itemListElement\":[{\"@type\":\"ListItem\",\"position\":1,\"name\":\"Accueil\",\"item\":\"https:\/\/blog.pratiquesante.fr\/\"},{\"@type\":\"ListItem\",\"position\":2,\"name\":\"Kin\u00e9sith\u00e9rapie\"}]},{\"@type\":\"WebSite\",\"@id\":\"https:\/\/blog.pratiquesante.fr\/#website\",\"url\":\"https:\/\/blog.pratiquesante.fr\/\",\"name\":\"Blog Pratique Sant\u00e9\",\"description\":\"\",\"potentialAction\":[{\"@type\":\"SearchAction\",\"target\":{\"@type\":\"EntryPoint\",\"urlTemplate\":\"https:\/\/blog.pratiquesante.fr\/?s={search_term_string}\"},\"query-input\":{\"@type\":\"PropertyValueSpecification\",\"valueRequired\":true,\"valueName\":\"search_term_string\"}}],\"inLanguage\":\"fr-FR\"}]}<\/script>\n<!-- \/ Yoast SEO plugin. -->","yoast_head_json":{"title":"Kin\u00e9sith\u00e9rapie - Blog Pratique Sant\u00e9","robots":{"index":"noindex","follow":"follow","max-snippet":"max-snippet:-1","max-image-preview":"max-image-preview:large","max-video-preview":"max-video-preview:-1"},"og_locale":"fr_FR","og_type":"article","og_title":"Kin\u00e9sith\u00e9rapie - Blog Pratique Sant\u00e9","og_description":"Nos articles de Kin\u00e9 Cat\u00e9gories Pages Acceuil CGU Liens utiles","og_url":"https:\/\/blog.pratiquesante.fr\/?page_id=30","og_site_name":"Blog Pratique Sant\u00e9","article_modified_time":"2025-02-14T10:39:10+00:00","twitter_card":"summary_large_image","twitter_misc":{"Dur\u00e9e de lecture estim\u00e9e":"2 minutes"},"schema":{"@context":"https:\/\/schema.org","@graph":[{"@type":"WebPage","@id":"https:\/\/blog.pratiquesante.fr\/?page_id=30","url":"https:\/\/blog.pratiquesante.fr\/?page_id=30","name":"Kin\u00e9sith\u00e9rapie - Blog Pratique Sant\u00e9","isPartOf":{"@id":"https:\/\/blog.pratiquesante.fr\/#website"},"datePublished":"2025-02-06T13:09:33+00:00","dateModified":"2025-02-14T10:39:10+00:00","breadcrumb":{"@id":"https:\/\/blog.pratiquesante.fr\/?page_id=30#breadcrumb"},"inLanguage":"fr-FR","potentialAction":[{"@type":"ReadAction","target":["https:\/\/blog.pratiquesante.fr\/?page_id=30"]}]},{"@type":"BreadcrumbList","@id":"https:\/\/blog.pratiquesante.fr\/?page_id=30#breadcrumb","itemListElement":[{"@type":"ListItem","position":1,"name":"Accueil","item":"https:\/\/blog.pratiquesante.fr\/"},{"@type":"ListItem","position":2,"name":"Kin\u00e9sith\u00e9rapie"}]},{"@type":"WebSite","@id":"https:\/\/blog.pratiquesante.fr\/#website","url":"https:\/\/blog.pratiquesante.fr\/","name":"Blog Pratique Sant\u00e9","description":"","potentialAction":[{"@type":"SearchAction","target":{"@type":"EntryPoint","urlTemplate":"https:\/\/blog.pratiquesante.fr\/?s={search_term_string}"},"query-input":{"@type":"PropertyValueSpecification","valueRequired":true,"valueName":"search_term_string"}}],"inLanguage":"fr-FR"}]}},"_links":{"self":[{"href":"https:\/\/blog.pratiquesante.fr\/index.php?rest_route=\/wp\/v2\/pages\/30","targetHints":{"allow":["GET"]}}],"collection":[{"href":"https:\/\/blog.pratiquesante.fr\/index.php?rest_route=\/wp\/v2\/pages"}],"about":[{"href":"https:\/\/blog.pratiquesante.fr\/index.php?rest_route=\/wp\/v2\/types\/page"}],"author":[{"embeddable":true,"href":"https:\/\/blog.pratiquesante.fr\/index.php?rest_route=\/wp\/v2\/users\/1"}],"replies":[{"embeddable":true,"href":"https:\/\/blog.pratiquesante.fr\/index.php?rest_route=%2Fwp%2Fv2%2Fcomments&post=30"}],"version-history":[{"count":15,"href":"https:\/\/blog.pratiquesante.fr\/index.php?rest_route=\/wp\/v2\/pages\/30\/revisions"}],"predecessor-version":[{"id":834,"href":"https:\/\/blog.pratiquesante.fr\/index.php?rest_route=\/wp\/v2\/pages\/30\/revisions\/834"}],"wp:attachment":[{"href":"https:\/\/blog.pratiquesante.fr\/index.php?rest_route=%2Fwp%2Fv2%2Fmedia&parent=30"}],"curies":[{"name":"wp","href":"https:\/\/api.w.org\/{rel}","templated":true}]}}